{"id":1485,"date":"2024-05-10T17:47:38","date_gmt":"2024-05-10T17:47:38","guid":{"rendered":"https:\/\/amscomponentes.com.br\/?post_type=product&#038;p=1485"},"modified":"2024-08-30T13:14:22","modified_gmt":"2024-08-30T13:14:22","slug":"fusivel-de-potencia-mega","status":"publish","type":"product","link":"https:\/\/amscomponentes.com.br\/es\/producto\/fusivel-de-potencia-mega\/","title":{"rendered":"Megafusible de alta corriente"},"content":{"rendered":"<p class=\"p1\"><b>SOLICITUD<\/b><\/p>\n<p class=\"p1\">Se utiliza para proteger m\u00f3dulos e instalaci\u00f3n de sonido, equipos y circuitos de alta corriente con un voltaje m\u00e1ximo de 32V. <b>32V<\/b><\/p>\n<p class=\"p1\">Materia prima: <b>Policarbonato \/ Zinc<\/b><\/p>\n<p class=\"p1\">Medidas: <b>69x19mm<\/b><\/p>","protected":false},"excerpt":{"rendered":"<table class=\"tafe-table\">\n<tbody class=\"tafe-table-body\">\n<tr>\n<td class=\"elementor-repeater-item-1d85eee td-content-type-default\" data-label=\"C\u00d3DIGO\">20040<\/td>\n<td class=\"elementor-repeater-item-296a520 td-content-type-default\" data-label=\"AMPERAGEM\">\n40<\/td>\n<\/tr>\n<tr>\n<td class=\"elementor-repeater-item-bd9ab51 td-content-type-default\" data-label=\"C\u00d3DIGO\">\n20100<\/td>\n<td class=\"elementor-repeater-item-acfd091 td-content-type-default\" data-label=\"AMPERAGEM\">\n100<\/td>\n<\/tr>\n<tr>\n<td class=\"elementor-repeater-item-39244a0 td-content-type-default\" data-label=\"C\u00d3DIGO\">\n20125<\/td>\n<td class=\"elementor-repeater-item-0c09b47 td-content-type-default\" data-label=\"AMPERAGEM\">\n125<\/td>\n<\/tr>\n<tr>\n<td class=\"elementor-repeater-item-d4f6816 td-content-type-default\" data-label=\"C\u00d3DIGO\">\n20150<\/td>\n<td class=\"elementor-repeater-item-a0f2615 td-content-type-default\" data-label=\"AMPERAGEM\">\n150<\/td>\n<\/tr>\n<tr>\n<td class=\"elementor-repeater-item-49aa6f1 td-content-type-default\" data-label=\"C\u00d3DIGO\">\n20175<\/td>\n<td class=\"elementor-repeater-item-37257f7 td-content-type-default\" data-label=\"AMPERAGEM\">\n175<\/td>\n<\/tr>\n<tr>\n<td class=\"elementor-repeater-item-5bb7365 td-content-type-default\" data-label=\"C\u00d3DIGO\">\n20200<\/td>\n<td class=\"elementor-repeater-item-b708944 td-content-type-default\" data-label=\"AMPERAGEM\">\n200<\/td>\n<\/tr>\n<tr>\n<td class=\"elementor-repeater-item-d74dc18 td-content-type-default\" data-label=\"C\u00d3DIGO\">\n20225<\/td>\n<td class=\"elementor-repeater-item-1abdf13 td-content-type-default\" data-label=\"AMPERAGEM\">\n225<\/td>\n<\/tr>\n<tr>\n<td class=\"elementor-repeater-item-b1efd67 td-content-type-default\" data-label=\"C\u00d3DIGO\">\n20250<\/td>\n<td class=\"elementor-repeater-item-a73bbc1 td-content-type-default\" data-label=\"AMPERAGEM\">\n250<\/td>\n<\/tr>\n<tr>\n<td class=\"elementor-repeater-item-6785546 td-content-type-default\" data-label=\"C\u00d3DIGO\">\n20300<\/td>\n<td class=\"elementor-repeater-item-015d837 td-content-type-default\" data-label=\"AMPERAGEM\">\n300<\/td>\n<\/tr>\n<\/tbody>\n<\/table>","protected":false},"featured_media":1487,"comment_status":"open","ping_status":"closed","template":"","meta":[],"product_brand":[],"product_cat":[66],"product_tag":[],"class_list":{"0":"post-1485","1":"product","2":"type-product","3":"status-publish","4":"has-post-thumbnail","6":"product_cat-fusiveis-de-potencia-mega","8":"first","9":"instock","10":"shipping-taxable","11":"product-type-simple"},"_links":{"self":[{"href":"https:\/\/amscomponentes.com.br\/es\/wp-json\/wp\/v2\/product\/1485","targetHints":{"allow":["GET"]}}],"collection":[{"href":"https:\/\/amscomponentes.com.br\/es\/wp-json\/wp\/v2\/product"}],"about":[{"href":"https:\/\/amscomponentes.com.br\/es\/wp-json\/wp\/v2\/types\/product"}],"replies":[{"embeddable":true,"href":"https:\/\/amscomponentes.com.br\/es\/wp-json\/wp\/v2\/comments?post=1485"}],"wp:featuredmedia":[{"embeddable":true,"href":"https:\/\/amscomponentes.com.br\/es\/wp-json\/wp\/v2\/media\/1487"}],"wp:attachment":[{"href":"https:\/\/amscomponentes.com.br\/es\/wp-json\/wp\/v2\/media?parent=1485"}],"wp:term":[{"taxonomy":"product_brand","embeddable":true,"href":"https:\/\/amscomponentes.com.br\/es\/wp-json\/wp\/v2\/product_brand?post=1485"},{"taxonomy":"product_cat","embeddable":true,"href":"https:\/\/amscomponentes.com.br\/es\/wp-json\/wp\/v2\/product_cat?post=1485"},{"taxonomy":"product_tag","embeddable":true,"href":"https:\/\/amscomponentes.com.br\/es\/wp-json\/wp\/v2\/product_tag?post=1485"}],"curies":[{"name":"wp","href":"https:\/\/api.w.org\/{rel}","templated":true}]}}