{"id":3278,"date":"2025-04-17T13:49:46","date_gmt":"2025-04-17T13:49:46","guid":{"rendered":"https:\/\/amscomponentes.com.br\/?page_id=3278"},"modified":"2025-10-09T17:20:38","modified_gmt":"2025-10-09T17:20:38","slug":"quem-somos","status":"publish","type":"page","link":"https:\/\/amscomponentes.com.br\/es\/quem-somos\/","title":{"rendered":"Quienes somos"},"content":{"rendered":"<div data-elementor-type=\"wp-page\" data-elementor-id=\"3278\" class=\"elementor elementor-3278\" data-elementor-post-type=\"page\">\n\t\t\t\t<div class=\"elementor-element elementor-element-fedcf5b e-flex e-con-boxed e-con e-parent\" data-id=\"fedcf5b\" data-element_type=\"container\">\n\t\t\t\t\t<div class=\"e-con-inner\">\n\t\t<div class=\"elementor-element elementor-element-850bf4e e-con-full e-flex e-con e-child\" data-id=\"850bf4e\" data-element_type=\"container\">\n\t\t\t\t<div class=\"elementor-element elementor-element-6d640b9 elementor-widget elementor-widget-text-editor\" data-id=\"6d640b9\" data-element_type=\"widget\" data-widget_type=\"text-editor.default\">\n\t\t\t\t<div class=\"elementor-widget-container\">\n\t\t\t\t\t\t\t\t\t<h3>AMS Componentes: Excelencia en soluciones automotrices durante m\u00e1s de cuatro d\u00e9cadas<\/h3>\n<p>Con 48 a\u00f1os de excelencia y tradici\u00f3n, AMS Componentes es l\u00edder nacional en la fabricaci\u00f3n de fusibles automotrices y ofrece una l\u00ednea completa de cables, terminales y cables de bater\u00eda. Somos un socio de confianza de los distribuidores y fabricantes de autopartes m\u00e1s reconocidos de Brasil.<\/p>\n<p><b>Nuestra Historia e Infraestructura<br><\/b><span style=\"font-size: 1rem;\">Fundada en 1977 por el socio director Albery Sp\u00ednola, AMS naci\u00f3 de la pasi\u00f3n por la industria automotriz y la visi\u00f3n de convertir un sue\u00f1o en realidad.<\/span><\/p>\n<p>Nuestra sede est\u00e1 ubicada estrat\u00e9gicamente en el Gran S\u00e3o Paulo, en la ciudad de Cotia.<\/p><p><b>Calidad e innovaci\u00f3n garantizadas<br><\/b>Invertimos continuamente en tecnolog\u00eda de vanguardia. Contamos con maquinaria moderna y sofisticada, as\u00ed como con nuestro propio laboratorio de pruebas y control de calidad. Estos recursos garantizan la calidad absoluta y un rendimiento superior en todos nuestros productos.<br><br>La innovaci\u00f3n es fundamental para AMS. Nos actualizamos constantemente, monitoreando las tendencias y lanzando nuevos productos con el objetivo de ofrecer excelentes resultados a nuestros clientes.<br><br><b>Misi\u00f3n<\/b><br>Nuestra misi\u00f3n es clara: satisfacer las necesidades de nuestros clientes a trav\u00e9s de productos de alta calidad, confiables y rentables.<\/p>\t\t\t\t\t\t\t\t<\/div>\n\t\t\t\t<\/div>\n\t\t\t\t<\/div>\n\t\t<div class=\"elementor-element elementor-element-c808196 e-con-full e-flex e-con e-child\" data-id=\"c808196\" data-element_type=\"container\">\n\t\t\t\t<div class=\"elementor-element elementor-element-4145e22 elementor-widget elementor-widget-image\" data-id=\"4145e22\" data-element_type=\"widget\" data-widget_type=\"image.default\">\n\t\t\t\t<div class=\"elementor-widget-container\">\n\t\t\t\t\t\t\t\t\t\t\t\t\t\t\t<img fetchpriority=\"high\" decoding=\"async\" width=\"280\" height=\"246\" src=\"https:\/\/amscomponentes.com.br\/wp-content\/uploads\/2025\/04\/WhatsApp-Image-2025-04-17-at-09.38.26-1.jpeg\" class=\"attachment-large size-large wp-image-3280\" alt=\"\" srcset=\"https:\/\/amscomponentes.com.br\/wp-content\/uploads\/2025\/04\/WhatsApp-Image-2025-04-17-at-09.38.26-1.jpeg 280w, https:\/\/amscomponentes.com.br\/wp-content\/uploads\/2025\/04\/WhatsApp-Image-2025-04-17-at-09.38.26-1-14x12.jpeg 14w, https:\/\/amscomponentes.com.br\/wp-content\/uploads\/2025\/04\/WhatsApp-Image-2025-04-17-at-09.38.26-1-64x56.jpeg 64w\" sizes=\"(max-width: 280px) 100vw, 280px\" \/>\t\t\t\t\t\t\t\t\t\t\t\t\t\t\t<\/div>\n\t\t\t\t<\/div>\n\t\t\t\t<div class=\"elementor-element elementor-element-a9a8305 elementor-widget elementor-widget-image\" data-id=\"a9a8305\" data-element_type=\"widget\" data-widget_type=\"image.default\">\n\t\t\t\t<div class=\"elementor-widget-container\">\n\t\t\t\t\t\t\t\t\t\t\t\t\t\t\t<img decoding=\"async\" width=\"441\" height=\"424\" src=\"https:\/\/amscomponentes.com.br\/wp-content\/uploads\/2025\/04\/WhatsApp-Image-2025-04-17-at-09.38.26.jpeg\" class=\"attachment-large size-large wp-image-3281\" alt=\"\" srcset=\"https:\/\/amscomponentes.com.br\/wp-content\/uploads\/2025\/04\/WhatsApp-Image-2025-04-17-at-09.38.26.jpeg 441w, https:\/\/amscomponentes.com.br\/wp-content\/uploads\/2025\/04\/WhatsApp-Image-2025-04-17-at-09.38.26-300x288.jpeg 300w, https:\/\/amscomponentes.com.br\/wp-content\/uploads\/2025\/04\/WhatsApp-Image-2025-04-17-at-09.38.26-12x12.jpeg 12w, https:\/\/amscomponentes.com.br\/wp-content\/uploads\/2025\/04\/WhatsApp-Image-2025-04-17-at-09.38.26-64x62.jpeg 64w\" sizes=\"(max-width: 441px) 100vw, 441px\" \/>\t\t\t\t\t\t\t\t\t\t\t\t\t\t\t<\/div>\n\t\t\t\t<\/div>\n\t\t\t\t<\/div>\n\t\t\t\t\t<\/div>\n\t\t\t\t<\/div>\n\t\t\t\t<\/div>","protected":false},"excerpt":{"rendered":"<p>AMS Componentes: Excel\u00eancia em Solu\u00e7\u00f5es Automotivas por Mais de Quatro D\u00e9cadas Com 48 anos de excel\u00eancia e tradi\u00e7\u00e3o, a AMS Componentes \u00e9 l\u00edder nacional na fabrica\u00e7\u00e3o de Fus\u00edveis Automotivos, e oferece tamb\u00e9m uma linha completa de Cordoalhas, Terminais de Bateria e Cabos de Bateria. Somos parceiros de confian\u00e7a dos mais renomados Distribuidores de Autope\u00e7as e [&hellip;]<\/p>","protected":false},"author":2,"featured_media":0,"parent":0,"menu_order":0,"comment_status":"closed","ping_status":"closed","template":"","meta":{"footnotes":""},"class_list":["post-3278","page","type-page","status-publish","hentry"],"_links":{"self":[{"href":"https:\/\/amscomponentes.com.br\/es\/wp-json\/wp\/v2\/pages\/3278","targetHints":{"allow":["GET"]}}],"collection":[{"href":"https:\/\/amscomponentes.com.br\/es\/wp-json\/wp\/v2\/pages"}],"about":[{"href":"https:\/\/amscomponentes.com.br\/es\/wp-json\/wp\/v2\/types\/page"}],"author":[{"embeddable":true,"href":"https:\/\/amscomponentes.com.br\/es\/wp-json\/wp\/v2\/users\/2"}],"replies":[{"embeddable":true,"href":"https:\/\/amscomponentes.com.br\/es\/wp-json\/wp\/v2\/comments?post=3278"}],"version-history":[{"count":22,"href":"https:\/\/amscomponentes.com.br\/es\/wp-json\/wp\/v2\/pages\/3278\/revisions"}],"predecessor-version":[{"id":4227,"href":"https:\/\/amscomponentes.com.br\/es\/wp-json\/wp\/v2\/pages\/3278\/revisions\/4227"}],"wp:attachment":[{"href":"https:\/\/amscomponentes.com.br\/es\/wp-json\/wp\/v2\/media?parent=3278"}],"curies":[{"name":"wp","href":"https:\/\/api.w.org\/{rel}","templated":true}]}}