{"id":2045,"date":"2024-08-05T13:50:05","date_gmt":"2024-08-05T13:50:05","guid":{"rendered":"https:\/\/amscomponentes.com.br\/?page_id=2045"},"modified":"2025-05-06T19:52:53","modified_gmt":"2025-05-06T19:52:53","slug":"representantes","status":"publish","type":"page","link":"https:\/\/amscomponentes.com.br\/es\/representantes\/","title":{"rendered":"representantes"},"content":{"rendered":"<div data-elementor-type=\"wp-page\" data-elementor-id=\"2045\" class=\"elementor elementor-2045\" data-elementor-post-type=\"page\">\n\t\t\t\t<div class=\"elementor-element elementor-element-203b8fb e-flex e-con-boxed e-con e-parent\" data-id=\"203b8fb\" data-element_type=\"container\">\n\t\t\t\t\t<div class=\"e-con-inner\">\n\t\t\t\t<div class=\"elementor-element elementor-element-f0a14da elementor-widget elementor-widget-heading\" data-id=\"f0a14da\" data-element_type=\"widget\" data-widget_type=\"heading.default\">\n\t\t\t\t<div class=\"elementor-widget-container\">\n\t\t\t\t\t<h2 class=\"elementor-heading-title elementor-size-default\">Los clientes industriales o exportadores se comunican directamente con AMS<\/h2>\t\t\t\t<\/div>\n\t\t\t\t<\/div>\n\t\t<div class=\"elementor-element elementor-element-1030393 e-flex e-con-boxed e-con e-child\" data-id=\"1030393\" data-element_type=\"container\">\n\t\t\t\t\t<div class=\"e-con-inner\">\n\t\t\t\t<div class=\"elementor-element elementor-element-9fd9aa9 elementor-widget elementor-widget-text-editor\" data-id=\"9fd9aa9\" data-element_type=\"widget\" data-widget_type=\"text-editor.default\">\n\t\t\t\t<div class=\"elementor-widget-container\">\n\t\t\t\t\t\t\t\t\t<table width=\"757\">\n<tbody>\n<tr>\n<td width=\"202\">AMS IND E COM DE COMPONENTES ELETR LTDA<\/td>\n<td width=\"151\">(11) 5896-4775<\/td>\n<td width=\"144\">JULIANA \/ ANA<\/td>\n<td width=\"260\">vendas@amscomponentes.com.br<\/td>\n<\/tr>\n<\/tbody>\n<\/table>\t\t\t\t\t\t\t\t<\/div>\n\t\t\t\t<\/div>\n\t\t\t\t\t<\/div>\n\t\t\t\t<\/div>\n\t\t\t\t\t<\/div>\n\t\t\t\t<\/div>\n\t\t<div class=\"elementor-element elementor-element-3d2f818f e-flex e-con-boxed e-con e-parent\" data-id=\"3d2f818f\" data-element_type=\"container\">\n\t\t\t\t\t<div class=\"e-con-inner\">\n\t\t\t\t<div class=\"elementor-element elementor-element-1b0f5d56 elementor-widget elementor-widget-text-editor\" data-id=\"1b0f5d56\" data-element_type=\"widget\" data-widget_type=\"text-editor.default\">\n\t\t\t\t<div class=\"elementor-widget-container\">\n\t\t\t\t\t\t\t\t\t<p> <!-- start Fla-shop.com HTML5 Map --> <\/p>\n<div class='freeHtmlMapright htmlMapResponsive' style='max-width:780px; width: 100%'>\n<div id='map-container-0' class='freeHtmlMapContainer' data-map-variable='map0'><\/div>\n<link href='https:\/\/amscomponentes.com.br\/wp-content\/plugins\/html5-maps\/static\/css\/map.css' rel='stylesheet'>\n<style> body .fm-tooltip { color: #000000; font-size: 20px; } <\/style>\n<p> <script src='\/\/cdn.html5maps.com\/3d_party\/raphael.min.js'><\/script> <script src='https:\/\/amscomponentes.com.br\/index.php?freemap_js_data=true&#038;map_id=0&#038;r=46049'><\/script> <script src='\/\/cdn.html5maps.com\/libs\/locator\/2.4.0\/brazil\/map.js'><\/script> <script> var map0 = new FlaMap(map_cfg); map0.drawOnDomReady('map-container-0'); map0.on('click', function(ev, sid, map) { jQuery('#freeHtmlMapStateInfo0').html(''); var link = map.mapConfig.map_data[sid]['link']; if (link == '#info') { var id = map.mapConfig.map_data[sid]['id']; jQuery('#freeHtmlMapStateInfo0').html('Cargando\u2026'); jQuery.ajax({ type: 'POST', url: 'https:\/\/amscomponentes.com.br\/index.php?freemap_get_state_info='+id+'&map_id=0', success: function(data, textStatus, jqXHR){ jQuery('#freeHtmlMapStateInfo0').html(data); }, dataType: 'text' }); } }); <\/script> <\/p>\n<div id='freeHtmlMapStateInfo0' class='freeHtmlMapStateInfo'><\/div>\n<\/p><\/div>\n<div style='clear: both'><\/div>\n<p> <!-- end HTML5 Map --> \t<\/p>\n\t\t\t\t\t\t\t\t<\/div>\n\t\t\t\t<\/div>\n\t\t\t\t\t<\/div>\n\t\t\t\t<\/div>\n\t\t<div class=\"elementor-element elementor-element-f486313 e-flex e-con-boxed e-con e-parent\" data-id=\"f486313\" data-element_type=\"container\">\n\t\t\t\t\t<div class=\"e-con-inner\">\n\t\t\t\t\t<\/div>\n\t\t\t\t<\/div>\n\t\t\t\t<\/div>","protected":false},"excerpt":{"rendered":"<p>Cliente Ind\u00fastria ou Exporta\u00e7\u00e3o entre em contato direto com a AMS AMS IND E COM DE COMPONENTES ELETR LTDA (11) 5896-4775 JULIANA \/ ANA vendas@amscomponentes.com.br<\/p>","protected":false},"author":2,"featured_media":0,"parent":0,"menu_order":0,"comment_status":"closed","ping_status":"closed","template":"elementor_header_footer","meta":{"footnotes":""},"class_list":["post-2045","page","type-page","status-publish","hentry"],"_links":{"self":[{"href":"https:\/\/amscomponentes.com.br\/es\/wp-json\/wp\/v2\/pages\/2045","targetHints":{"allow":["GET"]}}],"collection":[{"href":"https:\/\/amscomponentes.com.br\/es\/wp-json\/wp\/v2\/pages"}],"about":[{"href":"https:\/\/amscomponentes.com.br\/es\/wp-json\/wp\/v2\/types\/page"}],"author":[{"embeddable":true,"href":"https:\/\/amscomponentes.com.br\/es\/wp-json\/wp\/v2\/users\/2"}],"replies":[{"embeddable":true,"href":"https:\/\/amscomponentes.com.br\/es\/wp-json\/wp\/v2\/comments?post=2045"}],"version-history":[{"count":19,"href":"https:\/\/amscomponentes.com.br\/es\/wp-json\/wp\/v2\/pages\/2045\/revisions"}],"predecessor-version":[{"id":2811,"href":"https:\/\/amscomponentes.com.br\/es\/wp-json\/wp\/v2\/pages\/2045\/revisions\/2811"}],"wp:attachment":[{"href":"https:\/\/amscomponentes.com.br\/es\/wp-json\/wp\/v2\/media?parent=2045"}],"curies":[{"name":"wp","href":"https:\/\/api.w.org\/{rel}","templated":true}]}}