{"id":529,"date":"2024-03-22T17:01:29","date_gmt":"2024-03-22T17:01:29","guid":{"rendered":"https:\/\/amscomponentes.com.br\/?post_type=product&#038;p=529"},"modified":"2025-03-13T18:13:28","modified_gmt":"2025-03-13T18:13:28","slug":"fusivel-lamina1","status":"publish","type":"product","link":"https:\/\/amscomponentes.com.br\/en\/product\/fusivel-lamina1\/","title":{"rendered":"Blade Fuse"},"content":{"rendered":"<p class=\"p1\"><b>APPLICATION<\/b><\/p>\n<p class=\"p1\"><b>National Vehicles: <\/b>All Automakers<\/p>\n<p class=\"p1\"><b>Imported Vehicles:\u00a0<\/b>All Automakers<\/p>\n<p class=\"p1\"><b>Motorcycles:\u00a0<\/b>All Automakers<\/p>","protected":false},"excerpt":{"rendered":"<p>APLICA\u00c7\u00c3O Ve\u00edculos Nacionais: Todas as Montadoras Ve\u00edculos Importados:\u00a0Todas as Montadoras Motos:\u00a0Todas as Montadoras<\/p>","protected":false},"featured_media":716,"comment_status":"open","ping_status":"closed","template":"","meta":[],"product_brand":[],"product_cat":[23],"product_tag":[],"class_list":{"0":"post-529","1":"product","2":"type-product","3":"status-publish","4":"has-post-thumbnail","6":"product_cat-fusiveis-lamina","8":"first","9":"instock","10":"shipping-taxable","11":"product-type-simple"},"_links":{"self":[{"href":"https:\/\/amscomponentes.com.br\/en\/wp-json\/wp\/v2\/product\/529","targetHints":{"allow":["GET"]}}],"collection":[{"href":"https:\/\/amscomponentes.com.br\/en\/wp-json\/wp\/v2\/product"}],"about":[{"href":"https:\/\/amscomponentes.com.br\/en\/wp-json\/wp\/v2\/types\/product"}],"replies":[{"embeddable":true,"href":"https:\/\/amscomponentes.com.br\/en\/wp-json\/wp\/v2\/comments?post=529"}],"wp:featuredmedia":[{"embeddable":true,"href":"https:\/\/amscomponentes.com.br\/en\/wp-json\/wp\/v2\/media\/716"}],"wp:attachment":[{"href":"https:\/\/amscomponentes.com.br\/en\/wp-json\/wp\/v2\/media?parent=529"}],"wp:term":[{"taxonomy":"product_brand","embeddable":true,"href":"https:\/\/amscomponentes.com.br\/en\/wp-json\/wp\/v2\/product_brand?post=529"},{"taxonomy":"product_cat","embeddable":true,"href":"https:\/\/amscomponentes.com.br\/en\/wp-json\/wp\/v2\/product_cat?post=529"},{"taxonomy":"product_tag","embeddable":true,"href":"https:\/\/amscomponentes.com.br\/en\/wp-json\/wp\/v2\/product_tag?post=529"}],"curies":[{"name":"wp","href":"https:\/\/api.w.org\/{rel}","templated":true}]}}