{"id":1245,"date":"2024-05-02T18:17:32","date_gmt":"2024-05-02T18:17:32","guid":{"rendered":"https:\/\/amscomponentes.com.br\/?post_type=product&#038;p=1245"},"modified":"2024-08-30T13:17:50","modified_gmt":"2024-08-30T13:17:50","slug":"porta-fusivel-lamina-maxi-e-mini","status":"publish","type":"product","link":"https:\/\/amscomponentes.com.br\/en\/product\/porta-fusivel-lamina-maxi-e-mini\/","title":{"rendered":"Blade Fuse Link"},"content":{"rendered":"","protected":false},"excerpt":{"rendered":"<table class=\"tafe-table\">\n<tbody class=\"tafe-table-body\">\n<tr>\n<td class=\"elementor-repeater-item-bd9ab51 td-content-type-default\" data-label=\"C\u00d3DIGO\">50001<\/td>\n<td class=\"elementor-repeater-item-296a520 td-content-type-default\" data-label=\"APLICA\u00c7\u00c3O\">\nFus\u00edvel de L\u00e2mina at\u00e9 20A &#8211; Cabinho 1,5 mm<\/td>\n<\/tr>\n<tr>\n<td class=\"elementor-repeater-item-f659c90 td-content-type-default\" data-label=\"\">\n<div align=\"center\"><\/div>\n<\/td>\n<td class=\"elementor-repeater-item-39244a0 td-content-type-default\" data-label=\"C\u00d3DIGO\">\n50002<\/td>\n<td class=\"elementor-repeater-item-a0f2615 td-content-type-default\" data-label=\"APLICA\u00c7\u00c3O\">\nFus\u00edvel de L\u00e2mina 25 e 3A &#8211; Cabinho 2,5 mm<\/td>\n<\/tr>\n<tr>\n<td class=\"elementor-repeater-item-f54418a td-content-type-default\" data-label=\"\">\n<div align=\"center\"><\/div>\n<\/td>\n<td class=\"elementor-repeater-item-49aa6f1 td-content-type-default\" data-label=\"C\u00d3DIGO\">\n50003<\/td>\n<td class=\"elementor-repeater-item-37257f7 td-content-type-default\" data-label=\"APLICA\u00c7\u00c3O\">\nFus\u00edvel Maxi L\u00e2mina at\u00e9 50A &#8211; Cabinho 4,0 mm<\/td>\n<\/tr>\n<tr>\n<td class=\"elementor-repeater-item-b971b37 td-content-type-default\" data-label=\"\">\n<div align=\"center\"><\/div>\n<\/td>\n<td class=\"elementor-repeater-item-5bb7365 td-content-type-default\" data-label=\"C\u00d3DIGO\">\n50004<\/td>\n<td class=\"elementor-repeater-item-b708944 td-content-type-default\" data-label=\"APLICA\u00c7\u00c3O\">\nFus\u00edvel Mini L\u00e2mina &#8211; Cabinho 1,5 mm<\/td>\n<\/tr>\n<tr>\n<td class=\"elementor-repeater-item-e0c8165 td-content-type-default\" data-label=\"\">\n<div align=\"center\"><\/div>\n<\/td>\n<td class=\"elementor-repeater-item-d74dc18 td-content-type-default\" data-label=\"C\u00d3DIGO\">\n50012<\/td>\n<td class=\"elementor-repeater-item-1abdf13 td-content-type-default\" data-label=\"APLICA\u00c7\u00c3O\">\nFus\u00edvel de L\u00e2mina 40A &#8211; Cabinho 4,0 mm<\/td>\n<\/tr>\n<tr>\n<td class=\"elementor-repeater-item-1b1dc88 td-content-type-default\" data-label=\"\">\n<div align=\"center\"><\/div>\n<\/td>\n<td class=\"elementor-repeater-item-b1efd67 td-content-type-default\" data-label=\"C\u00d3DIGO\">\n50013<\/td>\n<td class=\"elementor-repeater-item-a73bbc1 td-content-type-default\" data-label=\"APLICA\u00c7\u00c3O\">\nFus\u00edvel Maxi L\u00e2mina acima de 50A &#8211; Cabinho 6,0 mm<\/td>\n<\/tr>\n<\/tbody>\n<\/table>","protected":false},"featured_media":1246,"comment_status":"open","ping_status":"closed","template":"","meta":[],"product_brand":[],"product_cat":[38],"product_tag":[],"class_list":{"0":"post-1245","1":"product","2":"type-product","3":"status-publish","4":"has-post-thumbnail","6":"product_cat-porta-fusivel-lamina-maxi-mini","8":"first","9":"instock","10":"shipping-taxable","11":"product-type-simple"},"_links":{"self":[{"href":"https:\/\/amscomponentes.com.br\/en\/wp-json\/wp\/v2\/product\/1245","targetHints":{"allow":["GET"]}}],"collection":[{"href":"https:\/\/amscomponentes.com.br\/en\/wp-json\/wp\/v2\/product"}],"about":[{"href":"https:\/\/amscomponentes.com.br\/en\/wp-json\/wp\/v2\/types\/product"}],"replies":[{"embeddable":true,"href":"https:\/\/amscomponentes.com.br\/en\/wp-json\/wp\/v2\/comments?post=1245"}],"wp:featuredmedia":[{"embeddable":true,"href":"https:\/\/amscomponentes.com.br\/en\/wp-json\/wp\/v2\/media\/1246"}],"wp:attachment":[{"href":"https:\/\/amscomponentes.com.br\/en\/wp-json\/wp\/v2\/media?parent=1245"}],"wp:term":[{"taxonomy":"product_brand","embeddable":true,"href":"https:\/\/amscomponentes.com.br\/en\/wp-json\/wp\/v2\/product_brand?post=1245"},{"taxonomy":"product_cat","embeddable":true,"href":"https:\/\/amscomponentes.com.br\/en\/wp-json\/wp\/v2\/product_cat?post=1245"},{"taxonomy":"product_tag","embeddable":true,"href":"https:\/\/amscomponentes.com.br\/en\/wp-json\/wp\/v2\/product_tag?post=1245"}],"curies":[{"name":"wp","href":"https:\/\/api.w.org\/{rel}","templated":true}]}}